{"id":112,"date":"2021-02-02T22:41:29","date_gmt":"2021-02-02T22:41:29","guid":{"rendered":"https:\/\/methokonsultoria.com\/?page_id=112"},"modified":"2021-02-02T23:11:56","modified_gmt":"2021-02-02T23:11:56","slug":"gestion-medioambiental","status":"publish","type":"page","link":"https:\/\/methokonsultoria.com\/?page_id=112","title":{"rendered":"Gesti\u00f3n medioambiental"},"content":{"rendered":"[vc_row][vc_column]<div class=\"vcex-module vcex-image-banner vcex-has-img-tag textcenter\"><img src=\"https:\/\/methokonsultoria.com\/wp-content\/uploads\/2021\/02\/shutterstock_1216216276-scaled.jpg\" class=\"vcex-ib-img\" \/><span class=\"vcex-ib-overlay\"><\/span><div class=\"vcex-ib-content-wrap clr\"><div class=\"vcex-ib-content clr\"><div class=\"vcex-ib-title\">GESTI\u00d3N<\/div><div class=\"vcex-ib-caption\">MEDIOAMBIENTAL<\/div><\/div><\/div><\/div>[\/vc_column][\/vc_row][vc_row][vc_column]<div class=\"vcex-module vcex-callout clr\"><div class=\"vcex-callout-caption clr\"><h2>Planificaci\u00f3n, control y supervisi\u00f3n de los aspectos medioambientales m\u00e1s significativos.<\/h2>\n<\/div><\/div>[\/vc_column][\/vc_row][vc_row][vc_column][vc_separator][\/vc_column][\/vc_row][vc_row][vc_column]<div class=\"vcex-module vcex-callout clr\"><div class=\"vcex-callout-caption clr\"><h2><img loading=\"lazy\" class=\"alignleft wp-image-117 size-large\" src=\"https:\/\/methokonsultoria.com\/wp-content\/uploads\/2021\/02\/shutterstock_712105222-1024x464.jpg\" alt=\"\" width=\"980\" height=\"444\" \/><\/h2>\n<h2>Elaboraci\u00f3n de Manifestaci\u00f3n de Impacto Ambiental<\/h2>\n<p>Estudio t\u00e9cnico-cient\u00edfico, de car\u00e1cter preventivo y de planeaci\u00f3n, que permite identificar los efectos que puede ocasionar una obra o actividad sobre el medio ambiente, y se\u00f1alar las medidas preventivas que minimicen dichos efectos negativos de la ejecuci\u00f3n de dichas obras o actividades. Este estudio permite a la autoridad evaluar la factibilidad ambiental para la ejecuci\u00f3n de proyectos de inversi\u00f3n industrial, de infraestructura, manufactura, comercios o servicios.<\/p>\n<h2>Planes de Manejo Ambientales<\/h2>\n<p>establece a detalle y en orden cronol\u00f3gico las acciones que se requiere ejecutar para prevenir, mitigar, controlar, corregir y compensar los posibles impactos ambientales negativos o acentuar los impactos ambientales positivos causados por el desarrollo de un proyecto, obra o actividad.<\/p>\n<h2><img loading=\"lazy\" class=\"alignnone wp-image-128 size-large\" src=\"https:\/\/methokonsultoria.com\/wp-content\/uploads\/2021\/02\/shutterstock_323687675-1024x701.jpg\" alt=\"\" width=\"980\" height=\"671\" \/>Sustentabilidad Industrial y Comercial<\/h2>\n<p>Las grandes compa\u00f1\u00edas cada vez son m\u00e1s conscientes de las exigencias de los consumidores y autoridades en el sentido de aplicar iniciativas para operar de manera m\u00e1s sustentable o bien que por lo menos procuren mitigar el impacto ambiental que generan sus actividades.<\/p>\n<h2>Elaboraci\u00f3n de Planes para obtenci\u00f3n de Leed<\/h2>\n<p>Se trata de verificar que todas las instalaciones est\u00e9n planificadas, instaladas, comprobadas, operadas y mantenidas en base a los requisitos pactados durante la etapa del dise\u00f1o y se debe comprobar que todos los sistemas del edificio operen seg\u00fan las especificaciones t\u00e9cnicas que han sido planificadas y alcancen los est\u00e1ndares de las normas buscadas.<\/p>\n<p><img loading=\"lazy\" class=\"alignnone wp-image-91 size-large\" src=\"https:\/\/methokonsultoria.com\/wp-content\/uploads\/2021\/02\/shutterstock_528008257-1024x683.jpg\" alt=\"\" width=\"980\" height=\"654\" \/><\/p>\n<\/div><\/div>[\/vc_column][\/vc_row]\n","protected":false},"excerpt":{"rendered":"<p>[vc_row][vc_column][\/vc_column][\/vc_row][vc_row][vc_column][\/vc_column][\/vc_row][vc_row][vc_column][vc_separator][\/vc_column][\/vc_row][vc_row][vc_column][\/vc_column][\/vc_row]<\/p>\n","protected":false},"author":1,"featured_media":0,"parent":0,"menu_order":0,"comment_status":"closed","ping_status":"closed","template":"","meta":[],"_links":{"self":[{"href":"https:\/\/methokonsultoria.com\/index.php?rest_route=\/wp\/v2\/pages\/112"}],"collection":[{"href":"https:\/\/methokonsultoria.com\/index.php?rest_route=\/wp\/v2\/pages"}],"about":[{"href":"https:\/\/methokonsultoria.com\/index.php?rest_route=\/wp\/v2\/types\/page"}],"author":[{"embeddable":true,"href":"https:\/\/methokonsultoria.com\/index.php?rest_route=\/wp\/v2\/users\/1"}],"replies":[{"embeddable":true,"href":"https:\/\/methokonsultoria.com\/index.php?rest_route=%2Fwp%2Fv2%2Fcomments&post=112"}],"version-history":[{"count":4,"href":"https:\/\/methokonsultoria.com\/index.php?rest_route=\/wp\/v2\/pages\/112\/revisions"}],"predecessor-version":[{"id":115,"href":"https:\/\/methokonsultoria.com\/index.php?rest_route=\/wp\/v2\/pages\/112\/revisions\/115"}],"wp:attachment":[{"href":"https:\/\/methokonsultoria.com\/index.php?rest_route=%2Fwp%2Fv2%2Fmedia&parent=112"}],"curies":[{"name":"wp","href":"https:\/\/api.w.org\/{rel}","templated":true}]}}