{"id":120,"date":"2021-02-02T22:55:25","date_gmt":"2021-02-02T22:55:25","guid":{"rendered":"https:\/\/methokonsultoria.com\/?page_id=120"},"modified":"2021-02-02T23:05:49","modified_gmt":"2021-02-02T23:05:49","slug":"basura","status":"publish","type":"page","link":"https:\/\/methokonsultoria.com\/?page_id=120","title":{"rendered":"Basura"},"content":{"rendered":"[vc_row][vc_column]<div class=\"vcex-module vcex-image-banner vcex-has-img-tag textcenter\"><img src=\"https:\/\/methokonsultoria.com\/wp-content\/uploads\/2021\/02\/shutterstock_1199451964-scaled.jpg\" class=\"vcex-ib-img\" \/><span class=\"vcex-ib-overlay\"><\/span><div class=\"vcex-ib-content-wrap clr\"><div class=\"vcex-ib-content clr\"><div class=\"vcex-ib-title\">BASURA<\/div><\/div><\/div><\/div>[\/vc_column][\/vc_row][vc_row][vc_column][vc_separator][\/vc_column][\/vc_row][vc_row][vc_column]<div class=\"vcex-module vcex-feature-box clr left-content-right-image\"><div class=\"vcex-feature-box-media clr\" style=\"width:50%;\"><div class=\"vcex-feature-box-image\" ><img src=\"https:\/\/methokonsultoria.com\/wp-content\/uploads\/2021\/02\/shutterstock_1292181520.jpg\" alt='' data-no-retina width=\"1920\" height=\"1280\" \/><\/div><\/div><div class=\"vcex-feature-box-content clr\" style=\"width:50%;\"><h1 class=\"vcex-feature-box-heading\" style=\"font-weight:700;\">Dise\u00f1o de sitios de disposici\u00f3n final de Residuos Solidos<\/h1><div class=\"vcex-feature-box-text clr\"><p>Para depositar o confinar permanentemente residuos en sitios e instalaciones cuyas caracter\u00edsticas permitan prevenir su liberaci\u00f3n al ambiente y las consecuentes afectaciones a la salud de la poblaci\u00f3n y a los ecosistemas y sus elementos.<\/p>\n<\/div><\/div><\/div>[\/vc_column][\/vc_row][vc_row][vc_column][vc_separator][\/vc_column][\/vc_row][vc_row][vc_column]<div class=\"vcex-module vcex-feature-box clr left-content-right-image\"><div class=\"vcex-feature-box-media clr\" style=\"width:50%;\"><div class=\"vcex-feature-box-image\" ><img src=\"https:\/\/methokonsultoria.com\/wp-content\/uploads\/2021\/02\/shutterstock_317945966.jpg\" alt='' data-no-retina width=\"1920\" height=\"1307\" \/><\/div><\/div><div class=\"vcex-feature-box-content clr\" style=\"width:50%;\"><h1 class=\"vcex-feature-box-heading\" style=\"font-weight:700;\">Dise\u00f1o de Plantas de separaci\u00f3n de basura<\/h1><div class=\"vcex-feature-box-text clr\"><p>Proyectamos instancias intermedias que permiten\u00a0<strong>recuperar Residuos s\u00f3lidos urbanos<\/strong>\u00a0para su posterior reciclaje. De esta manera se reduce la cantidad de residuos que se disponen en los rellenos sanitarios, alargando la vida \u00fatil de los mismos.<\/p>\n<\/div><\/div><\/div>[\/vc_column][\/vc_row][vc_row][vc_column][vc_separator][\/vc_column][\/vc_row][vc_row][vc_column]<div class=\"vcex-module vcex-feature-box clr left-content-right-image\"><div class=\"vcex-feature-box-media clr\" style=\"width:50%;\"><div class=\"vcex-feature-box-image\" ><img src=\"https:\/\/methokonsultoria.com\/wp-content\/uploads\/2021\/02\/shutterstock_666196489.jpg\" alt='' data-no-retina width=\"1230\" height=\"861\" \/><\/div><\/div><div class=\"vcex-feature-box-content clr\" style=\"width:50%;\"><h1 class=\"vcex-feature-box-heading\" style=\"font-weight:700;\">Biomasa Residual<\/h1><div class=\"vcex-feature-box-text clr\"><p>Dise\u00f1o de procedimientos para evitar la contaminaci\u00f3n de agua dulce por intrusi\u00f3n salina, con base en bater\u00eda de pozos de inyecci\u00f3n o de extracci\u00f3n.<\/p>\n<\/div><\/div><\/div>[\/vc_column][\/vc_row]\n","protected":false},"excerpt":{"rendered":"<p>[vc_row][vc_column][\/vc_column][\/vc_row][vc_row][vc_column][vc_separator][\/vc_column][\/vc_row][vc_row][vc_column][\/vc_column][\/vc_row][vc_row][vc_column][vc_separator][\/vc_column][\/vc_row][vc_row][vc_column][\/vc_column][\/vc_row][vc_row][vc_column][vc_separator][\/vc_column][\/vc_row][vc_row][vc_column][\/vc_column][\/vc_row]<\/p>\n","protected":false},"author":1,"featured_media":0,"parent":0,"menu_order":0,"comment_status":"closed","ping_status":"closed","template":"","meta":[],"_links":{"self":[{"href":"https:\/\/methokonsultoria.com\/index.php?rest_route=\/wp\/v2\/pages\/120"}],"collection":[{"href":"https:\/\/methokonsultoria.com\/index.php?rest_route=\/wp\/v2\/pages"}],"about":[{"href":"https:\/\/methokonsultoria.com\/index.php?rest_route=\/wp\/v2\/types\/page"}],"author":[{"embeddable":true,"href":"https:\/\/methokonsultoria.com\/index.php?rest_route=\/wp\/v2\/users\/1"}],"replies":[{"embeddable":true,"href":"https:\/\/methokonsultoria.com\/index.php?rest_route=%2Fwp%2Fv2%2Fcomments&post=120"}],"version-history":[{"count":3,"href":"https:\/\/methokonsultoria.com\/index.php?rest_route=\/wp\/v2\/pages\/120\/revisions"}],"predecessor-version":[{"id":123,"href":"https:\/\/methokonsultoria.com\/index.php?rest_route=\/wp\/v2\/pages\/120\/revisions\/123"}],"wp:attachment":[{"href":"https:\/\/methokonsultoria.com\/index.php?rest_route=%2Fwp%2Fv2%2Fmedia&parent=120"}],"curies":[{"name":"wp","href":"https:\/\/api.w.org\/{rel}","templated":true}]}}