{"id":132,"date":"2021-02-02T23:14:57","date_gmt":"2021-02-02T23:14:57","guid":{"rendered":"https:\/\/methokonsultoria.com\/?page_id=132"},"modified":"2021-02-02T23:30:11","modified_gmt":"2021-02-02T23:30:11","slug":"energia","status":"publish","type":"page","link":"https:\/\/methokonsultoria.com\/?page_id=132","title":{"rendered":"Energ\u00eda"},"content":{"rendered":"[vc_row][vc_column]<div class=\"vcex-module vcex-image-banner vcex-has-img-tag textcenter\"><img src=\"https:\/\/methokonsultoria.com\/wp-content\/uploads\/2021\/02\/shutterstock_1110860099-1-scaled.jpg\" class=\"vcex-ib-img\" \/><span class=\"vcex-ib-overlay\"><\/span><div class=\"vcex-ib-content-wrap clr\"><div class=\"vcex-ib-content clr\"><div class=\"vcex-ib-title\">ENERG\u00cdA<\/div><\/div><\/div><\/div>[\/vc_column][\/vc_row][vc_row][vc_column][vc_separator][\/vc_column][\/vc_row][vc_row][vc_column width=&#8221;1\/2&#8243;][vc_single_image image=&#8221;137&#8243;][\/vc_column][vc_column width=&#8221;1\/2&#8243;][vc_column_text css=&#8221;.vc_custom_1612308578371{margin-right: 10px !important;border-right-width: 20px !important;}&#8221;]\n<h1>Solar<\/h1>\n<p>La energ\u00eda solar, adem\u00e1s de ser una\u00a0fuente de energ\u00eda renovable, es una energ\u00eda limpia y supone una alternativa a otros tipos de energ\u00eda no renovables como la\u00a0energ\u00eda f\u00f3sil\u00a0o la\u00a0energ\u00eda nuclear.<\/p>\n<p>Podemos estructurar el plan mas adecuado a tus necesidades ya sea mediante <strong>calor<\/strong> o <strong>luz<\/strong>\u00a0que se convierte en electricidad a trav\u00e9s de paneles solares fotovoltaicos.[\/vc_column_text][\/vc_column][\/vc_row][vc_row][vc_column][vc_separator][\/vc_column][\/vc_row][vc_row][vc_column width=&#8221;1\/2&#8243;][vc_column_text css=&#8221;.vc_custom_1612308585629{margin-right: 10px !important;border-right-width: 20px !important;}&#8221;]\n<h1>Planes de manejo de eficiencia energ\u00e9tica<\/h1>\n<p>El ahorro energ\u00e9tico y el uso racional y eficiente de la energ\u00eda han demostrado ser programas que, dise\u00f1ados y ejecutados efectivamente, logran mitigar los problemas del alto consumo energ\u00e9tico en las industrias, podemos ofrecerte una gesti\u00f3n empresarial permanente que garantice el mejoramiento de la eficiencia operativa de la empresa, el ahorro energ\u00e9tico y la capacitaci\u00f3n del recurso humano orientado al ahorro.[\/vc_column_text][\/vc_column][vc_column width=&#8221;1\/2&#8243;][vc_single_image image=&#8221;138&#8243;][\/vc_column][\/vc_row]\n","protected":false},"excerpt":{"rendered":"<p>[vc_row][vc_column][\/vc_column][\/vc_row][vc_row][vc_column][vc_separator][\/vc_column][\/vc_row][vc_row][vc_column width=&#8221;1\/2&#8243;][vc_single_image image=&#8221;137&#8243;][\/vc_column][vc_column width=&#8221;1\/2&#8243;][vc_column_text css=&#8221;.vc_custom_1612308578371{margin-right: 10px !important;border-right-width: 20px !important;}&#8221;] Solar La energ\u00eda solar, adem\u00e1s de ser una\u00a0fuente de energ\u00eda renovable, es una energ\u00eda limpia y supone una alternativa a otros tipos de energ\u00eda no renovables como la\u00a0energ\u00eda f\u00f3sil\u00a0o la\u00a0energ\u00eda nuclear.&hellip;<\/p>\n","protected":false},"author":1,"featured_media":0,"parent":0,"menu_order":0,"comment_status":"closed","ping_status":"closed","template":"","meta":[],"_links":{"self":[{"href":"https:\/\/methokonsultoria.com\/index.php?rest_route=\/wp\/v2\/pages\/132"}],"collection":[{"href":"https:\/\/methokonsultoria.com\/index.php?rest_route=\/wp\/v2\/pages"}],"about":[{"href":"https:\/\/methokonsultoria.com\/index.php?rest_route=\/wp\/v2\/types\/page"}],"author":[{"embeddable":true,"href":"https:\/\/methokonsultoria.com\/index.php?rest_route=\/wp\/v2\/users\/1"}],"replies":[{"embeddable":true,"href":"https:\/\/methokonsultoria.com\/index.php?rest_route=%2Fwp%2Fv2%2Fcomments&post=132"}],"version-history":[{"count":3,"href":"https:\/\/methokonsultoria.com\/index.php?rest_route=\/wp\/v2\/pages\/132\/revisions"}],"predecessor-version":[{"id":139,"href":"https:\/\/methokonsultoria.com\/index.php?rest_route=\/wp\/v2\/pages\/132\/revisions\/139"}],"wp:attachment":[{"href":"https:\/\/methokonsultoria.com\/index.php?rest_route=%2Fwp%2Fv2%2Fmedia&parent=132"}],"curies":[{"name":"wp","href":"https:\/\/api.w.org\/{rel}","templated":true}]}}