{"id":156,"date":"2021-02-02T23:54:05","date_gmt":"2021-02-02T23:54:05","guid":{"rendered":"https:\/\/methokonsultoria.com\/?page_id=156"},"modified":"2021-02-02T23:57:09","modified_gmt":"2021-02-02T23:57:09","slug":"quienes-somos","status":"publish","type":"page","link":"https:\/\/methokonsultoria.com\/?page_id=156","title":{"rendered":"Quienes somos"},"content":{"rendered":"[vc_row][vc_column]<div class=\"vcex-module vcex-image-banner vcex-has-img-tag textcenter\"><img src=\"https:\/\/methokonsultoria.com\/wp-content\/uploads\/2021\/02\/shutterstock_351886349.jpg\" class=\"vcex-ib-img\" \/><span class=\"vcex-ib-overlay\"><\/span><div class=\"vcex-ib-content-wrap clr\"><div class=\"vcex-ib-content clr\"><div class=\"vcex-ib-title\">QUIENES<\/div><div class=\"vcex-ib-caption\">SOMOS<\/div><\/div><\/div><\/div>[\/vc_column][\/vc_row][vc_row][vc_column]<div class=\"vcex-module vcex-callout clr\"><div class=\"vcex-callout-caption clr\"><p>Metho Konsultor\u00eda es una firma multidisciplinaria en asesor\u00eda especializada que se funda en el a\u00f1o 2012 con el objetivo de satisfacer las necesidades de sectores p\u00fablicos y privados en cuestiones de agua, medio ambiente y sustentabilidad. Nuestro equipo de trabajo tiene una amplia experiencia en asesoramiento t\u00e9cnico y gesti\u00f3n de proyectos medioambientales. Metho Konsultor\u00eda se caracteriza por la gran calidad de sus servicios en dar soluciones satisfactorias a nuestros clientes.<\/p>\n<p>Entendemos que cada proyecto requiere una integraci\u00f3n \u00fanica para determinar los detalles que necesitan nuestros clientes pero adem\u00e1s velando en todo momento por el medio ambiente y los recursos naturales.<\/p>\n<p>Para cada proyecto se construye un plan hecho a la medida para su realizaci\u00f3n.<\/p>\n<p><strong>Misi\u00f3n:<\/strong>\u00a0Satisfacer las necesidades ambientales de nuestros clientes por medio de soluciones estrat\u00e9gicas e integrales por parte de nuestro equipo de profesionales.<\/p>\n<p><strong>Visi\u00f3n:<\/strong>\u00a0Nuestro compromiso es generar servicios de alto nivel que tengan un bajo impacto en el medio ambiente.<\/p>\n<p><img loading=\"lazy\" class=\"alignnone wp-image-161 size-large\" src=\"https:\/\/methokonsultoria.com\/wp-content\/uploads\/2021\/02\/shutterstock_1012077118-1-1024x683.jpg\" alt=\"\" width=\"980\" height=\"654\" \/><\/p>\n<\/div><\/div>[\/vc_column][\/vc_row]\n","protected":false},"excerpt":{"rendered":"<p>[vc_row][vc_column][\/vc_column][\/vc_row][vc_row][vc_column][\/vc_column][\/vc_row]<\/p>\n","protected":false},"author":1,"featured_media":0,"parent":0,"menu_order":0,"comment_status":"closed","ping_status":"closed","template":"","meta":[],"_links":{"self":[{"href":"https:\/\/methokonsultoria.com\/index.php?rest_route=\/wp\/v2\/pages\/156"}],"collection":[{"href":"https:\/\/methokonsultoria.com\/index.php?rest_route=\/wp\/v2\/pages"}],"about":[{"href":"https:\/\/methokonsultoria.com\/index.php?rest_route=\/wp\/v2\/types\/page"}],"author":[{"embeddable":true,"href":"https:\/\/methokonsultoria.com\/index.php?rest_route=\/wp\/v2\/users\/1"}],"replies":[{"embeddable":true,"href":"https:\/\/methokonsultoria.com\/index.php?rest_route=%2Fwp%2Fv2%2Fcomments&post=156"}],"version-history":[{"count":3,"href":"https:\/\/methokonsultoria.com\/index.php?rest_route=\/wp\/v2\/pages\/156\/revisions"}],"predecessor-version":[{"id":178,"href":"https:\/\/methokonsultoria.com\/index.php?rest_route=\/wp\/v2\/pages\/156\/revisions\/178"}],"wp:attachment":[{"href":"https:\/\/methokonsultoria.com\/index.php?rest_route=%2Fwp%2Fv2%2Fmedia&parent=156"}],"curies":[{"name":"wp","href":"https:\/\/api.w.org\/{rel}","templated":true}]}}