{"id":174,"date":"2024-02-12T21:50:56","date_gmt":"2024-02-12T21:50:56","guid":{"rendered":"https:\/\/methokonsultoria.com\/?page_id=174"},"modified":"2024-02-14T16:01:11","modified_gmt":"2024-02-14T16:01:11","slug":"compliance","status":"publish","type":"page","link":"https:\/\/methokonsultoria.com\/?page_id=174","title":{"rendered":"Compliance"},"content":{"rendered":"[vc_row][vc_column]<div class=\"vcex-module vcex-image-banner vcex-has-img-tag textcenter\"><img src=\"https:\/\/methokonsultoria.com\/wp-content\/uploads\/2024\/02\/shutterstock_1133936660_1.jpg\" class=\"vcex-ib-img\" \/><span class=\"vcex-ib-overlay\"><\/span><div class=\"vcex-ib-content-wrap clr\"><div class=\"vcex-ib-content clr\"><div class=\"vcex-ib-title\">COMPLIANCE<\/div><\/div><\/div><\/div>[\/vc_column][\/vc_row][vc_row][vc_column]<div class=\"vcex-module vcex-callout clr\"><div class=\"vcex-callout-caption clr\"><p style=\"font-weight: 400\"><strong>\u00bfQU\u00c9 ES UN PROGRAMA DE COMPLIANCE?<\/strong><\/p>\n<p style=\"font-weight: 400\">El marco jur\u00eddico para la operaci\u00f3n de las empresas en M\u00e9xico se ha vuelto sumamente complejo, al grado que presenta un alto nivel de dificultad para que los particulares puedan cumplir con todos los requerimientos legales de acuerdo con su actividad productiva.<\/p>\n<p style=\"font-weight: 400\">El programa de compliance revisa el actuar de una empresa para verificar que se est\u00e9n cumpliendo sus obligaciones jur\u00eddicas de manera correcta, identificando los incumplimientos o cumplimientos defectuosos para subsanarlos antes de que la autoridad lo detecte y puedan generarse problemas jur\u00eddicos que deriven en sanciones econ\u00f3micas o clausuras de establecimientos.<\/p>\n<p style=\"font-weight: 400\"><img loading=\"lazy\" class=\"alignnone wp-image-103 size-large\" src=\"https:\/\/methokonsultoria.com\/wp-content\/uploads\/2021\/02\/shutterstock_506811340-1024x683.jpg\" alt=\"\" width=\"980\" height=\"654\" \/><\/p>\n<p style=\"font-weight: 400\"><strong>Nuestro\u00a0 compliance en aguas nacionales y sus bienes p\u00fablicos inherentes.<\/strong><\/p>\n<p style=\"font-weight: 400\">Los t\u00edtulos de concesi\u00f3n para el uso, explotaci\u00f3n y aprovechamiento de aguas nacionales y sus bienes p\u00fablicos inherentes, as\u00ed como los permisos de descarga de aguas residuales a cuerpos receptores de propiedad nacional, generan m\u00e1s de 50 obligaciones administrativas y fiscales para los usuarios, que muchas veces por desconocimiento no cumplen adecuadamente, poniendo en riesgo su titulo de concesi\u00f3n y haci\u00e9ndose acreedores a sanciones econ\u00f3micas importantes.<\/p>\n<p style=\"font-weight: 400\">En este programa, nuestros especialistas auditan el nivel de cumplimiento de todas estas obligaciones, y determinan el nivel de riesgo que tiene el cliente, recomendando acciones para corregir aquellos incumplimientos o cumplimientos defectuosos y con ello mitigar las posibles sanciones que pueda emitir la autoridad, generando as\u00ed la certeza de que est\u00e1n cumpliendo con la normatividad de la materia.<\/p>\n<\/div><\/div>[\/vc_column][\/vc_row][vc_row][vc_column]<div class=\"vcex-module vcex-callout clr\"><div class=\"vcex-callout-caption clr\"><p style=\"font-weight: 400\"><strong>\u00bfPARA QUI\u00c9NES SE RECOMIENDA ESTE PROGRAMA?<\/strong><\/p>\n<p style=\"font-weight: 400\">Para los usuarios de aguas nacionales y sus bienes p\u00fablicos inherentes, es decir aquellos que cuentan con:<\/p>\n<ul>\n<li>T\u00edtulos de concesi\u00f3n o asignaci\u00f3n para el uso, explotaci\u00f3n o aprovechamiento de las aguas nacionales.<\/li>\n<li>Permisos de descarga de aguas residuales a cuerpos receptores de propiedad nacional.<\/li>\n<li>T\u00edtulos de concesi\u00f3n de zonas federales inherentes a cuerpos de agua.<\/li>\n<li>T\u00edtulos de concesi\u00f3n para la extracci\u00f3n de materiales p\u00e9treos de cuerpos de agua.<\/li>\n<li>T\u00edtulos de concesi\u00f3n para el uso de infraestructura hidr\u00e1ulica federal.<\/li>\n<\/ul>\n<p style=\"font-weight: 400\"><strong><img loading=\"lazy\" class=\"aligncenter wp-image-184 size-large\" src=\"https:\/\/methokonsultoria.com\/wp-content\/uploads\/2024\/02\/shutterstock_1370685860_1-1024x678.jpg\" alt=\"\" width=\"980\" height=\"649\" \/><\/strong><\/p>\n<p style=\"font-weight: 400\"><strong>COSTO DEL PROGRAMA<\/strong><\/p>\n<ul>\n<li>El costo se estima para cada caso en particular, atendiendo el numero de t\u00edtulos o permisos y sus anexos correspondientes a auditar.<\/li>\n<\/ul>\n<p style=\"font-weight: 400\"><strong>TIEMPOS DE EJECUCI\u00d3N<\/strong><\/p>\n<ul>\n<li>El tiempo de desarrollo de nuestro programa de compliance es de 120 d\u00edas contados a partir de la entrega de la informaci\u00f3n por parte del cliente.<\/li>\n<\/ul>\n<p style=\"font-weight: 400\"><strong>METODOLOG\u00cdA<\/strong><\/p>\n<ul>\n<li>Nuestro programa de compliance se ejecuta aplicando una metodolog\u00eda de desarrollo propio, que es mucho mas rigurosa que la dispuesta en la normatividad internacional (ISO).<br \/>\n<img loading=\"lazy\" class=\"aligncenter wp-image-187 size-large\" src=\"https:\/\/methokonsultoria.com\/wp-content\/uploads\/2024\/02\/Doc3-1024x173.png\" alt=\"\" width=\"980\" height=\"166\" \/><\/li>\n<\/ul>\n<\/div><\/div>[\/vc_column][\/vc_row][vc_row][vc_column]<div class=\"vcex-module vcex-callout clr\"><div class=\"vcex-callout-caption clr\"><p style=\"font-weight: 400\"><strong>EXPERIENCIA<\/strong><\/p>\n<p style=\"font-weight: 400\">Nuestros especialistas cuentan con una preparaci\u00f3n acad\u00e9mica acorde con su participaci\u00f3n en el programa, as\u00ed como una amplia experiencia en el sector p\u00fablico y privado.<\/p>\n<p style=\"font-weight: 400\">Nuestro equipo de auditores esta conformado por:<\/p>\n<ul>\n<li>Abogados especialistas en aguas nacionales.<\/li>\n<li>Abogados especialistas en derecho fiscal.<\/li>\n<li>Ingenieros hidr\u00f3logos.<\/li>\n<li>Ingenieros Civiles con especialidad en hidr\u00e1ulica.<\/li>\n<\/ul>\n<p style=\"font-weight: 400\"><strong>Otros servicios<\/strong><\/p>\n<ul>\n<li>Asesor\u00eda legal y representaci\u00f3n en juicios en materia administrativa y fiscal relacionada con las aguas nacionales y sus bienes p\u00fablicos inherentes.<\/li>\n<\/ul>\n<p style=\"font-weight: 400\">Asesor\u00eda y gesti\u00f3n de tr\u00e1mites relacionados a:<\/p>\n<ul>\n<li>Concesiones de aguas subterr\u00e1neas.<\/li>\n<li>Concesiones de aguas superficiales.<\/li>\n<li>Concesiones de aguas costeras.<\/li>\n<li>Permisos de descarga de aguas residuales.<\/li>\n<li>Permisos de obras hidr\u00e1ulicas.<\/li>\n<li>Permisos de cruces superficiales y subterr\u00e1neos a cuerpos de agua o infraestructura hidr\u00e1ulica federal.<\/li>\n<li>Concesiones de zona federal.<\/li>\n<li>Declaraciones fiscales por derechos de aguas nacionales o bienes p\u00fablicos inherentes.<\/li>\n<li>Asesor\u00eda y dictaminaci\u00f3n de cumplimiento de normas oficiales por ejemplo la NOM 001 SEMARNAT 2021 y la NMX AA 179 SCFI 2018.<\/li>\n<li>Estrategias legales para acelerar respuestas de la autoridad.<\/li>\n<\/ul>\n<p><img loading=\"lazy\" class=\"aligncenter wp-image-188 size-large\" src=\"https:\/\/methokonsultoria.com\/wp-content\/uploads\/2024\/02\/shutterstock_723369586_1-1024x682.jpg\" alt=\"\" width=\"980\" height=\"653\" \/><\/p>\n<\/div><\/div>[\/vc_column][\/vc_row]\n","protected":false},"excerpt":{"rendered":"<p>[vc_row][vc_column][\/vc_column][\/vc_row][vc_row][vc_column][\/vc_column][\/vc_row][vc_row][vc_column][\/vc_column][\/vc_row][vc_row][vc_column][\/vc_column][\/vc_row]<\/p>\n","protected":false},"author":1,"featured_media":0,"parent":0,"menu_order":0,"comment_status":"closed","ping_status":"closed","template":"","meta":[],"_links":{"self":[{"href":"https:\/\/methokonsultoria.com\/index.php?rest_route=\/wp\/v2\/pages\/174"}],"collection":[{"href":"https:\/\/methokonsultoria.com\/index.php?rest_route=\/wp\/v2\/pages"}],"about":[{"href":"https:\/\/methokonsultoria.com\/index.php?rest_route=\/wp\/v2\/types\/page"}],"author":[{"embeddable":true,"href":"https:\/\/methokonsultoria.com\/index.php?rest_route=\/wp\/v2\/users\/1"}],"replies":[{"embeddable":true,"href":"https:\/\/methokonsultoria.com\/index.php?rest_route=%2Fwp%2Fv2%2Fcomments&post=174"}],"version-history":[{"count":9,"href":"https:\/\/methokonsultoria.com\/index.php?rest_route=\/wp\/v2\/pages\/174\/revisions"}],"predecessor-version":[{"id":196,"href":"https:\/\/methokonsultoria.com\/index.php?rest_route=\/wp\/v2\/pages\/174\/revisions\/196"}],"wp:attachment":[{"href":"https:\/\/methokonsultoria.com\/index.php?rest_route=%2Fwp%2Fv2%2Fmedia&parent=174"}],"curies":[{"name":"wp","href":"https:\/\/api.w.org\/{rel}","templated":true}]}}