{"id":32,"date":"2021-02-02T18:42:36","date_gmt":"2021-02-02T18:42:36","guid":{"rendered":"https:\/\/methokonsultoria.com\/?page_id=32"},"modified":"2021-02-03T00:00:33","modified_gmt":"2021-02-03T00:00:33","slug":"administracion-de-riesgos","status":"publish","type":"page","link":"https:\/\/methokonsultoria.com\/?page_id=32","title":{"rendered":"Administraci\u00f3n de riesgos"},"content":{"rendered":"[vc_row][vc_column]<div class=\"vcex-module vcex-image-banner vcex-has-img-tag textcenter\"><img src=\"https:\/\/methokonsultoria.com\/wp-content\/uploads\/2021\/02\/shutterstock_405997192.jpg\" class=\"vcex-ib-img\" \/><span class=\"vcex-ib-overlay\"><\/span><div class=\"vcex-ib-content-wrap clr\"><div class=\"vcex-ib-content clr\"><div class=\"vcex-ib-title\">ADMINISTRACI\u00d3N<\/div><div class=\"vcex-ib-caption\">DE RIESGOS<\/div><\/div><\/div><\/div>[\/vc_column][\/vc_row][vc_row][vc_column][vc_separator][\/vc_column][\/vc_row][vc_row][vc_column width=&#8221;1\/3&#8243;]<div class=\"vcex-module vcex-callout clr\"><div class=\"vcex-callout-caption clr\"><h2 style=\"text-align: center\"><strong>Planeaci\u00f3n estrat\u00e9gica<\/strong><\/h2>\n<p style=\"text-align: center\"><span lang=\"ES-TRAD\">Identificar, valorar y priorizar los riesgos de un proceso<\/span><\/p>\n<\/div><\/div>[\/vc_column][vc_column width=&#8221;1\/3&#8243;]<div class=\"vcex-module vcex-callout clr\"><div class=\"vcex-callout-caption clr\"><h2 style=\"text-align: center\"><strong>Dise\u00f1o<\/strong><\/h2>\n<p style=\"text-align: center\">Coordinaci\u00f3n de acciones y normas para enfrentar riesgos<\/p>\n<\/div><\/div>[\/vc_column][vc_column width=&#8221;1\/3&#8243;]<div class=\"vcex-module vcex-callout clr\"><div class=\"vcex-callout-caption clr\"><h2 style=\"text-align: center\"><strong>Evaluaci\u00f3n<\/strong><\/h2>\n<p style=\"text-align: center\">Minimizar el impacto negativo obteniendo una resoluci\u00f3n<\/p>\n<\/div><\/div>[\/vc_column][\/vc_row][vc_row][vc_column width=&#8221;1\/2&#8243;][vc_single_image image=&#8221;44&#8243;][\/vc_column][vc_column width=&#8221;1\/2&#8243;][vc_column_text css=&#8221;.vc_custom_1612291600262{margin-right: 10px !important;border-right-width: 20px !important;}&#8221;]\n<ul>\n<li>\n<h3><strong>SASISOPA Comercial<\/strong><\/h3>\n<\/li>\n<li>\n<h3><strong>SASISOPA Industrial<\/strong><\/h3>\n<\/li>\n<li>\n<h3><strong>Auditorias Externas<\/strong><\/h3>\n<\/li>\n<\/ul>\n<p>* Somos Terceros Autorizados para emitir Dict\u00e1menes <strong>SASISOPA<\/strong> (<em>Sistemas de Administraci\u00f3n de Seguridad Industrial, Seguridad Operativa y Protecci\u00f3n al Medio Ambiente<\/em>).\u00a0Estamos autorizados y acreditados por la <strong>ASEA<\/strong> (<em>Agencia de Seguridad, Energ\u00eda y Ambiente<\/em>) para llevar a cabo las actividades de supervisi\u00f3n, inspecci\u00f3n, verificaci\u00f3n, evaluaciones e investigaciones t\u00e9cnicas as\u00ed como certificaciones y auditor\u00edas.[\/vc_column_text][\/vc_column][\/vc_row]\n","protected":false},"excerpt":{"rendered":"<p>[vc_row][vc_column][\/vc_column][\/vc_row][vc_row][vc_column][vc_separator][\/vc_column][\/vc_row][vc_row][vc_column width=&#8221;1\/3&#8243;][\/vc_column][vc_column width=&#8221;1\/3&#8243;][\/vc_column][vc_column width=&#8221;1\/3&#8243;][\/vc_column][\/vc_row][vc_row][vc_column width=&#8221;1\/2&#8243;][vc_single_image image=&#8221;44&#8243;][\/vc_column][vc_column width=&#8221;1\/2&#8243;][vc_column_text css=&#8221;.vc_custom_1612291600262{margin-right: 10px !important;border-right-width: 20px !important;}&#8221;] SASISOPA Comercial SASISOPA Industrial Auditorias Externas * Somos Terceros Autorizados para emitir Dict\u00e1menes SASISOPA (Sistemas de Administraci\u00f3n de Seguridad Industrial, Seguridad Operativa y Protecci\u00f3n al Medio Ambiente).\u00a0Estamos autorizados&hellip;<\/p>\n","protected":false},"author":1,"featured_media":0,"parent":0,"menu_order":0,"comment_status":"closed","ping_status":"closed","template":"","meta":[],"_links":{"self":[{"href":"https:\/\/methokonsultoria.com\/index.php?rest_route=\/wp\/v2\/pages\/32"}],"collection":[{"href":"https:\/\/methokonsultoria.com\/index.php?rest_route=\/wp\/v2\/pages"}],"about":[{"href":"https:\/\/methokonsultoria.com\/index.php?rest_route=\/wp\/v2\/types\/page"}],"author":[{"embeddable":true,"href":"https:\/\/methokonsultoria.com\/index.php?rest_route=\/wp\/v2\/users\/1"}],"replies":[{"embeddable":true,"href":"https:\/\/methokonsultoria.com\/index.php?rest_route=%2Fwp%2Fv2%2Fcomments&post=32"}],"version-history":[{"count":40,"href":"https:\/\/methokonsultoria.com\/index.php?rest_route=\/wp\/v2\/pages\/32\/revisions"}],"predecessor-version":[{"id":140,"href":"https:\/\/methokonsultoria.com\/index.php?rest_route=\/wp\/v2\/pages\/32\/revisions\/140"}],"wp:attachment":[{"href":"https:\/\/methokonsultoria.com\/index.php?rest_route=%2Fwp%2Fv2%2Fmedia&parent=32"}],"curies":[{"name":"wp","href":"https:\/\/api.w.org\/{rel}","templated":true}]}}