{"id":96,"date":"2021-02-02T21:56:58","date_gmt":"2021-02-02T21:56:58","guid":{"rendered":"https:\/\/methokonsultoria.com\/?page_id=96"},"modified":"2021-02-02T23:13:29","modified_gmt":"2021-02-02T23:13:29","slug":"fgbdfg","status":"publish","type":"page","link":"https:\/\/methokonsultoria.com\/?page_id=96","title":{"rendered":"Agua"},"content":{"rendered":"[vc_row][vc_column]<div class=\"vcex-module vcex-image-banner vcex-has-img-tag textcenter\"><img src=\"https:\/\/methokonsultoria.com\/wp-content\/uploads\/2021\/02\/shutterstock_1111512254.jpg\" class=\"vcex-ib-img\" \/><span class=\"vcex-ib-overlay\"><\/span><div class=\"vcex-ib-content-wrap clr\"><div class=\"vcex-ib-content clr\"><div class=\"vcex-ib-title\">AGUA<\/div><\/div><\/div><\/div>[\/vc_column][\/vc_row][vc_row][vc_column][vc_separator][\/vc_column][\/vc_row][vc_row][vc_column]<div class=\"vcex-module vcex-callout clr\"><div class=\"vcex-callout-caption clr\"><h3><span lang=\"ES-TRAD\">Elaboraci\u00f3n de estudios de planeaci\u00f3n, ingenier\u00eda b\u00e1sica y proyectos ejecutivos de infraestructura hidr\u00e1ulica tales como redes de agua potable, drenaje, saneamiento, plantas de bombeo, plantas de tratamiento, plantas potabilizadoras, plantas desalinizadoras, rectificaci\u00f3n de cauces, etc.<\/span><\/h3>\n<\/div><\/div>[\/vc_column][\/vc_row][vc_row][vc_column]<div class=\"vcex-module vcex-feature-box clr left-content-right-image\"><div class=\"vcex-feature-box-media clr\" style=\"width:50%;\"><div class=\"vcex-feature-box-image\" ><img src=\"https:\/\/methokonsultoria.com\/wp-content\/uploads\/2021\/02\/shutterstock_133474571.jpg\" alt='' data-no-retina width=\"1883\" height=\"1050\" \/><\/div><\/div><div class=\"vcex-feature-box-content clr\" style=\"width:50%;\"><h1 class=\"vcex-feature-box-heading\" style=\"font-weight:700;\">Ingenier\u00eda en proyectos<\/h1><div class=\"vcex-feature-box-text clr\"><p><strong>Producci\u00f3n &#8211;\u00a0<\/strong>Dise\u00f1o para la construcci\u00f3n de obras de abastecimiento como pozos profundos de agua potable, captaci\u00f3n de aguas superficiales, desalinizaci\u00f3n de agua de mar, etc.<\/p>\n<p>En materia de agua tratada, dise\u00f1o de plantas de tratamiento para reuso y\/o recarga de acu\u00edferos.<\/p>\n<p><strong>Conducci\u00f3n<\/strong> &#8211; Dise\u00f1o para la construcci\u00f3n de obras de acueductos, l\u00edneas de conducci\u00f3n de agua potable.<\/p>\n<p>Dise\u00f1o de redes de agua tratada, drenaje y colectores marginales a cauces.<\/p>\n<p><strong>Almacenamiento<\/strong> &#8211; Dise\u00f1o para la construcci\u00f3n de tanques de almacenamiento, regulaci\u00f3n, rompedoras de presi\u00f3n., para agua potable y agua tratada.<\/p>\n<p><strong>Distribuci\u00f3n<\/strong> &#8211; Dise\u00f1o para la construcci\u00f3n de redes de distribuci\u00f3n de agua potable y agua tratada.<\/p>\n<p><strong>Saneamiento<\/strong> &#8211; Dise\u00f1o para la construcci\u00f3n de redes de drenaje sanitario y plantas de tratamiento para cumplir la normatividad vigente.<\/p>\n<\/div><\/div><\/div>[\/vc_column][\/vc_row][vc_row][vc_column][vc_separator][\/vc_column][\/vc_row][vc_row][vc_column]<div class=\"vcex-module vcex-feature-box clr left-content-right-image\"><div class=\"vcex-feature-box-media clr\" style=\"width:50%;\"><div class=\"vcex-feature-box-image\" ><img src=\"https:\/\/methokonsultoria.com\/wp-content\/uploads\/2021\/02\/shutterstock_186023477.jpg\" alt='' data-no-retina width=\"1530\" height=\"1013\" \/><\/div><\/div><div class=\"vcex-feature-box-content clr\" style=\"width:50%;\"><h1 class=\"vcex-feature-box-heading\" style=\"font-weight:700;\">Desalinizaci\u00f3n<\/h1><div class=\"vcex-feature-box-text clr\"><p>Dise\u00f1o para la construcci\u00f3n de desalinizadoras de agua de mar o pozos playeros, a trav\u00e9s de membranas para los siguientes usos:<\/p>\n<p>Abastecimiento.<\/p>\n<p>Agricultura<\/p>\n<p>Uso Industrial y Comercial<\/p>\n<\/div><\/div><\/div>[\/vc_column][\/vc_row][vc_row][vc_column][vc_separator][\/vc_column][\/vc_row][vc_row][vc_column]<div class=\"vcex-module vcex-feature-box clr left-content-right-image\"><div class=\"vcex-feature-box-media clr\" style=\"width:50%;\"><div class=\"vcex-feature-box-image\" ><img src=\"https:\/\/methokonsultoria.com\/wp-content\/uploads\/2021\/02\/shutterstock_1133936660-scaled.jpg\" alt='' data-no-retina width=\"2560\" height=\"1707\" \/><\/div><\/div><div class=\"vcex-feature-box-content clr\" style=\"width:50%;\"><h1 class=\"vcex-feature-box-heading\" style=\"font-weight:700;\">Estudios de intrusi\u00f3n salina al acu\u00edfero<\/h1><div class=\"vcex-feature-box-text clr\"><p>Dise\u00f1o de procedimientos para evitar la contaminaci\u00f3n de agua dulce por intrusi\u00f3n salina, con base en bater\u00eda de pozos de inyecci\u00f3n o de extracci\u00f3n.<\/p>\n<\/div><\/div><\/div>[\/vc_column][\/vc_row][vc_row][vc_column][vc_separator][\/vc_column][\/vc_row][vc_row][vc_column]<div class=\"vcex-module vcex-feature-box clr left-content-right-image\"><div class=\"vcex-feature-box-media clr\" style=\"width:50%;\"><div class=\"vcex-feature-box-image\" ><img src=\"https:\/\/methokonsultoria.com\/wp-content\/uploads\/2021\/02\/shutterstock_506811340.jpg\" alt='' data-no-retina width=\"1392\" height=\"928\" \/><\/div><\/div><div class=\"vcex-feature-box-content clr\" style=\"width:50%;\"><h1 class=\"vcex-feature-box-heading\" style=\"font-weight:700;\">Proyectos en Macro y Micro Medici\u00f3n, as\u00ed como sectorizaci\u00f3n y control de fugas<\/h1><div class=\"vcex-feature-box-text clr\"><p>Estudios de instrumentaci\u00f3n en redes de distribuci\u00f3n y conducci\u00f3n para el manejo adecuado de presiones y gastos por sector, con base en estudios de sectorizaci\u00f3n.<\/p>\n<\/div><\/div><\/div>[\/vc_column][\/vc_row][vc_row][vc_column][vc_separator][\/vc_column][\/vc_row][vc_row][vc_column]<div class=\"vcex-module vcex-feature-box clr left-content-right-image\"><div class=\"vcex-feature-box-media clr\" style=\"width:50%;\"><div class=\"vcex-feature-box-image\" ><img src=\"https:\/\/methokonsultoria.com\/wp-content\/uploads\/2021\/02\/shutterstock_477076807.jpg\" alt='' data-no-retina width=\"1920\" height=\"1280\" \/><\/div><\/div><div class=\"vcex-feature-box-content clr\" style=\"width:50%;\"><h1 class=\"vcex-feature-box-heading\" style=\"font-weight:700;\">Planes para el Desarrollo H\u00eddrico para entidades Federativas, Municipios, Colonias y Fraccionamientos<\/h1><div class=\"vcex-feature-box-text clr\"><p>Elaboraci\u00f3n de estudios de gran visi\u00f3n y planeaci\u00f3n de los servicios hidr\u00e1ulicos.<\/p>\n<\/div><\/div><\/div>[\/vc_column][\/vc_row][vc_row][vc_column][vc_separator][\/vc_column][\/vc_row][vc_row][vc_column]<div class=\"vcex-module vcex-feature-box clr left-content-right-image\"><div class=\"vcex-feature-box-media clr\" style=\"width:50%;\"><div class=\"vcex-feature-box-image\" ><img src=\"https:\/\/methokonsultoria.com\/wp-content\/uploads\/2021\/02\/shutterstock_682507018.jpg\" alt='' data-no-retina width=\"1920\" height=\"1453\" \/><\/div><\/div><div class=\"vcex-feature-box-content clr\" style=\"width:50%;\"><h1 class=\"vcex-feature-box-heading\" style=\"font-weight:700;\">Proyectos en Protecci\u00f3n<\/h1><div class=\"vcex-feature-box-text clr\"><p>Dise\u00f1o de ingenier\u00eda b\u00e1sica para la elaboraci\u00f3n de proyectos ejecutivos de Asociaciones P\u00fablico Privadas y estudios y proyectos de fuentes de abastecimiento, drenaje, saneamiento en desarrollos habitacionales.<\/p>\n<\/div><\/div><\/div>[\/vc_column][\/vc_row][vc_row][vc_column][vc_separator][\/vc_column][\/vc_row][vc_row][vc_column]<div class=\"vcex-module vcex-feature-box clr left-content-right-image\"><div class=\"vcex-feature-box-media clr\" style=\"width:50%;\"><div class=\"vcex-feature-box-image\" ><img src=\"https:\/\/methokonsultoria.com\/wp-content\/uploads\/2021\/02\/shutterstock_153095855.jpg\" alt='' data-no-retina width=\"1843\" height=\"1229\" \/><\/div><\/div><div class=\"vcex-feature-box-content clr\" style=\"width:50%;\"><h1 class=\"vcex-feature-box-heading\" style=\"font-weight:700;\">Planes h\u00eddricos integrales<\/h1><div class=\"vcex-feature-box-text clr\"><p>Elaboraci\u00f3n de Planes Maestros Estatales y Municipales de Agua Potable, Drenaje y Saneamiento.<\/p>\n<\/div><\/div><\/div>[\/vc_column][\/vc_row]\n","protected":false},"excerpt":{"rendered":"<p>[vc_row][vc_column][\/vc_column][\/vc_row][vc_row][vc_column][vc_separator][\/vc_column][\/vc_row][vc_row][vc_column][\/vc_column][\/vc_row][vc_row][vc_column][\/vc_column][\/vc_row][vc_row][vc_column][vc_separator][\/vc_column][\/vc_row][vc_row][vc_column][\/vc_column][\/vc_row][vc_row][vc_column][vc_separator][\/vc_column][\/vc_row][vc_row][vc_column][\/vc_column][\/vc_row][vc_row][vc_column][vc_separator][\/vc_column][\/vc_row][vc_row][vc_column][\/vc_column][\/vc_row][vc_row][vc_column][vc_separator][\/vc_column][\/vc_row][vc_row][vc_column][\/vc_column][\/vc_row][vc_row][vc_column][vc_separator][\/vc_column][\/vc_row][vc_row][vc_column][\/vc_column][\/vc_row][vc_row][vc_column][vc_separator][\/vc_column][\/vc_row][vc_row][vc_column][\/vc_column][\/vc_row]<\/p>\n","protected":false},"author":1,"featured_media":0,"parent":0,"menu_order":0,"comment_status":"closed","ping_status":"closed","template":"","meta":[],"_links":{"self":[{"href":"https:\/\/methokonsultoria.com\/index.php?rest_route=\/wp\/v2\/pages\/96"}],"collection":[{"href":"https:\/\/methokonsultoria.com\/index.php?rest_route=\/wp\/v2\/pages"}],"about":[{"href":"https:\/\/methokonsultoria.com\/index.php?rest_route=\/wp\/v2\/types\/page"}],"author":[{"embeddable":true,"href":"https:\/\/methokonsultoria.com\/index.php?rest_route=\/wp\/v2\/users\/1"}],"replies":[{"embeddable":true,"href":"https:\/\/methokonsultoria.com\/index.php?rest_route=%2Fwp%2Fv2%2Fcomments&post=96"}],"version-history":[{"count":5,"href":"https:\/\/methokonsultoria.com\/index.php?rest_route=\/wp\/v2\/pages\/96\/revisions"}],"predecessor-version":[{"id":99,"href":"https:\/\/methokonsultoria.com\/index.php?rest_route=\/wp\/v2\/pages\/96\/revisions\/99"}],"wp:attachment":[{"href":"https:\/\/methokonsultoria.com\/index.php?rest_route=%2Fwp%2Fv2%2Fmedia&parent=96"}],"curies":[{"name":"wp","href":"https:\/\/api.w.org\/{rel}","templated":true}]}}